{"id":603,"date":"2021-10-24T18:10:02","date_gmt":"2021-10-24T18:10:02","guid":{"rendered":"https:\/\/trinityrehabtherapy.com\/?page_id=603"},"modified":"2022-01-31T17:17:58","modified_gmt":"2022-01-31T17:17:58","slug":"speech-therapy","status":"publish","type":"page","link":"https:\/\/trinityrehabtherapy.com\/es\/speech-therapy\/","title":{"rendered":"Terapia de Lenguaje"},"content":{"rendered":"<div data-elementor-type=\"wp-page\" data-elementor-id=\"603\" class=\"elementor elementor-603\" data-elementor-post-type=\"page\">\n\t\t\t\t\t\t<section class=\"elementor-section elementor-top-section elementor-element elementor-element-d28f723 elementor-section-full_width elementor-section-height-min-height elementor-section-height-default elementor-section-items-middle elementor-invisible\" data-id=\"d28f723\" data-element_type=\"section\" data-settings=\"{&quot;background_background&quot;:&quot;classic&quot;,&quot;animation&quot;:&quot;fadeIn&quot;}\">\n\t\t\t\t\t\t<div class=\"elementor-container elementor-column-gap-default\">\n\t\t\t\t\t<div class=\"elementor-column elementor-col-100 elementor-top-column elementor-element elementor-element-2729abc\" data-id=\"2729abc\" data-element_type=\"column\">\n\t\t\t<div class=\"elementor-widget-wrap elementor-element-populated\">\n\t\t\t\t\t\t<div class=\"elementor-element elementor-element-0fb8484 elementor-widget elementor-widget-heading\" data-id=\"0fb8484\" data-element_type=\"widget\" data-widget_type=\"heading.default\">\n\t\t\t\t<div class=\"elementor-widget-container\">\n\t\t\t\t\t<h2 class=\"elementor-heading-title elementor-size-default\">TERAPIA DEL HABLA<\/h2>\t\t\t\t<\/div>\n\t\t\t\t<\/div>\n\t\t\t\t\t<\/div>\n\t\t<\/div>\n\t\t\t\t\t<\/div>\n\t\t<\/section>\n\t\t\t\t<section class=\"elementor-section elementor-top-section elementor-element elementor-element-4d6bb86 elementor-section-height-min-height elementor-section-boxed elementor-section-height-default elementor-section-items-middle elementor-invisible\" data-id=\"4d6bb86\" data-element_type=\"section\" data-settings=\"{&quot;animation&quot;:&quot;fadeIn&quot;}\">\n\t\t\t\t\t\t<div class=\"elementor-container elementor-column-gap-default\">\n\t\t\t\t\t<div class=\"elementor-column elementor-col-50 elementor-top-column elementor-element elementor-element-0f95b9b\" data-id=\"0f95b9b\" data-element_type=\"column\">\n\t\t\t<div class=\"elementor-widget-wrap elementor-element-populated\">\n\t\t\t\t\t\t<div class=\"elementor-element elementor-element-c9c0406 animated-slow elementor-invisible elementor-widget elementor-widget-text-editor\" data-id=\"c9c0406\" data-element_type=\"widget\" data-settings=\"{&quot;_animation&quot;:&quot;fadeInLeft&quot;,&quot;_animation_delay&quot;:800}\" data-widget_type=\"text-editor.default\">\n\t\t\t\t<div class=\"elementor-widget-container\">\n\t\t\t\t\t\t\t\t\t<p style=\"text-align: center;\">Hola, soy Bijou, la mascota del equipo de<br>terapias de lenguaje. Los terapeutas son muy divertidos. Si tienes uno de estos<br>problemas, pueden ayudarte.<\/p>\t\t\t\t\t\t\t\t<\/div>\n\t\t\t\t<\/div>\n\t\t\t\t<div class=\"elementor-element elementor-element-790e7be elementor-widget elementor-widget-image\" data-id=\"790e7be\" data-element_type=\"widget\" data-widget_type=\"image.default\">\n\t\t\t\t<div class=\"elementor-widget-container\">\n\t\t\t\t\t\t\t\t\t\t\t\t\t\t\t<img fetchpriority=\"high\" decoding=\"async\" width=\"1600\" height=\"2394\" src=\"https:\/\/trinityrehabtherapy.com\/wp-content\/uploads\/2021\/10\/husky.png\" class=\"attachment-full size-full wp-image-695\" alt=\"\" srcset=\"https:\/\/trinityrehabtherapy.com\/wp-content\/uploads\/2021\/10\/husky.png 1600w, https:\/\/trinityrehabtherapy.com\/wp-content\/uploads\/2021\/10\/husky-201x300.png 201w, https:\/\/trinityrehabtherapy.com\/wp-content\/uploads\/2021\/10\/husky-684x1024.png 684w, https:\/\/trinityrehabtherapy.com\/wp-content\/uploads\/2021\/10\/husky-768x1149.png 768w, https:\/\/trinityrehabtherapy.com\/wp-content\/uploads\/2021\/10\/husky-1027x1536.png 1027w, https:\/\/trinityrehabtherapy.com\/wp-content\/uploads\/2021\/10\/husky-1369x2048.png 1369w\" sizes=\"(max-width: 1600px) 100vw, 1600px\" \/>\t\t\t\t\t\t\t\t\t\t\t\t\t\t\t<\/div>\n\t\t\t\t<\/div>\n\t\t\t\t\t<\/div>\n\t\t<\/div>\n\t\t\t\t<div class=\"elementor-column elementor-col-50 elementor-top-column elementor-element elementor-element-9834a6b\" data-id=\"9834a6b\" data-element_type=\"column\">\n\t\t\t<div class=\"elementor-widget-wrap elementor-element-populated\">\n\t\t\t\t\t\t<section class=\"elementor-section elementor-inner-section elementor-element elementor-element-971fc4f elementor-section-height-min-height elementor-section-boxed elementor-section-height-default\" data-id=\"971fc4f\" data-element_type=\"section\" data-settings=\"{&quot;background_background&quot;:&quot;classic&quot;,&quot;shape_divider_top&quot;:&quot;split&quot;}\">\n\t\t\t\t\t<div class=\"elementor-shape elementor-shape-top\" aria-hidden=\"true\" data-negative=\"false\">\n\t\t\t<svg xmlns=\"http:\/\/www.w3.org\/2000\/svg\" viewbox=\"0 0 1000 20\" preserveaspectratio=\"none\">\n\t<path class=\"elementor-shape-fill\" d=\"M0,0v3c0,0,393.8,0,483.4,0c9.2,0,16.6,7.4,16.6,16.6c0-9.1,7.4-16.6,16.6-16.6C606.2,3,1000,3,1000,3V0H0z\"\/>\n<\/svg>\t\t<\/div>\n\t\t\t\t\t<div class=\"elementor-container elementor-column-gap-default\">\n\t\t\t\t\t<div class=\"elementor-column elementor-col-50 elementor-inner-column elementor-element elementor-element-7c6740c\" data-id=\"7c6740c\" data-element_type=\"column\">\n\t\t\t<div class=\"elementor-widget-wrap elementor-element-populated\">\n\t\t\t\t\t\t<div class=\"elementor-element elementor-element-116bd18 premium-type-column elementor-widget elementor-widget-premium-icon-list\" data-id=\"116bd18\" data-element_type=\"widget\" data-settings=\"{&quot;rbadges_repeater&quot;:[]}\" data-widget_type=\"premium-icon-list.default\">\n\t\t\t\t<div class=\"elementor-widget-container\">\n\t\t\t\t\t\t\t\t<ul class=\"premium-bullet-list-box\">\r\n\t\t\r\n\t\t\t<li class=\"premium-bullet-list-content elementor-repeater-item-c799dec premium-bullet-list-content-grow-effect\">\r\n\t\t\t\t<div class=\"premium-bullet-list-text\">\r\n\t\t\t\t\t\t\t\t<div class=\"premium-bullet-list-wrapper\">\r\n\t\t\t\t\t<div class=\"premium-drawable-icon\"><i class=\"premium-svg-nodraw fa fa-check\" aria-hidden=\"true\"><\/i><\/div>\t\t\t\t<\/div>\r\n\t\t\t\t\t\t\t\t<div class=\"premium-bullet-list-text-wrapper\">\r\n\t\t\t\t\t<span class=\"premium-bullet-text\" data-text=\"Articulation and Phonology (Formation and Production of Sounds)\"> Articulaci\u00f3n y Fonolog\u00eda (Formaci\u00f3n y Producci\u00f3n de Sonidos) <\/span>\t\t\t\t\t\t\t\t\t<\/div>\r\n\t\t\t\t<\/div>\r\n\r\n\t\t\t\t\r\n\t\t\t\t\r\n\t\t\t<\/li>\r\n\r\n\t\t\t\t\r\n\t\t\t<li class=\"premium-bullet-list-content elementor-repeater-item-7d3042e premium-bullet-list-content-grow-effect\">\r\n\t\t\t\t<div class=\"premium-bullet-list-text\">\r\n\t\t\t\t\t\t\t\t<div class=\"premium-bullet-list-wrapper\">\r\n\t\t\t\t\t<div class=\"premium-drawable-icon\"><i class=\"premium-svg-nodraw fa fa-check\" aria-hidden=\"true\"><\/i><\/div>\t\t\t\t<\/div>\r\n\t\t\t\t\t\t\t\t<div class=\"premium-bullet-list-text-wrapper\">\r\n\t\t\t\t\t<span class=\"premium-bullet-text\" data-text=\"Apraxia (Motor Speech Disorder)\"> Apraxia (Trastorno Motor del Habla) <\/span>\t\t\t\t\t\t\t\t\t<\/div>\r\n\t\t\t\t<\/div>\r\n\r\n\t\t\t\t\r\n\t\t\t\t\r\n\t\t\t<\/li>\r\n\r\n\t\t\t\t\r\n\t\t\t<li class=\"premium-bullet-list-content elementor-repeater-item-12eb093 premium-bullet-list-content-grow-effect\">\r\n\t\t\t\t<div class=\"premium-bullet-list-text\">\r\n\t\t\t\t\t\t\t\t<div class=\"premium-bullet-list-wrapper\">\r\n\t\t\t\t\t<div class=\"premium-drawable-icon\"><i class=\"premium-svg-nodraw fa fa-check\" aria-hidden=\"true\"><\/i><\/div>\t\t\t\t<\/div>\r\n\t\t\t\t\t\t\t\t<div class=\"premium-bullet-list-text-wrapper\">\r\n\t\t\t\t\t<span class=\"premium-bullet-text\" data-text=\"Fluency (Stuttering, Blocking and Repetitions)\"> Fluidez (Tartamudeo, Bloqueo y Repeticiones) <\/span>\t\t\t\t\t\t\t\t\t<\/div>\r\n\t\t\t\t<\/div>\r\n\r\n\t\t\t\t\r\n\t\t\t\t\r\n\t\t\t<\/li>\r\n\r\n\t\t\t\t\r\n\t\t\t<li class=\"premium-bullet-list-content elementor-repeater-item-0fa4f79 premium-bullet-list-content-grow-effect\">\r\n\t\t\t\t<div class=\"premium-bullet-list-text\">\r\n\t\t\t\t\t\t\t\t<div class=\"premium-bullet-list-wrapper\">\r\n\t\t\t\t\t<div class=\"premium-drawable-icon\"><i class=\"premium-svg-nodraw fa fa-check\" aria-hidden=\"true\"><\/i><\/div>\t\t\t\t<\/div>\r\n\t\t\t\t\t\t\t\t<div class=\"premium-bullet-list-text-wrapper\">\r\n\t\t\t\t\t<span class=\"premium-bullet-text\" data-text=\"Voice: Monitoring Appropriate Voice Quality, Pitch and Loudness\"> La Voz: Controlar la Calidad, el Tono y el Volumen Adecuados de la Voz <\/span>\t\t\t\t\t\t\t\t\t<\/div>\r\n\t\t\t\t<\/div>\r\n\r\n\t\t\t\t\r\n\t\t\t\t\r\n\t\t\t<\/li>\r\n\r\n\t\t\t\t\r\n\t\t\t<li class=\"premium-bullet-list-content elementor-repeater-item-d860db0 premium-bullet-list-content-grow-effect\">\r\n\t\t\t\t<div class=\"premium-bullet-list-text\">\r\n\t\t\t\t\t\t\t\t<div class=\"premium-bullet-list-wrapper\">\r\n\t\t\t\t\t<div class=\"premium-drawable-icon\"><i class=\"premium-svg-nodraw fa fa-check\" aria-hidden=\"true\"><\/i><\/div>\t\t\t\t<\/div>\r\n\t\t\t\t\t\t\t\t<div class=\"premium-bullet-list-text-wrapper\">\r\n\t\t\t\t\t<span class=\"premium-bullet-text\" data-text=\"Receptive Language (Comprehension)\"> Lenguaje Receptivo (Comprensi\u00f3n) <\/span>\t\t\t\t\t\t\t\t\t<\/div>\r\n\t\t\t\t<\/div>\r\n\r\n\t\t\t\t\r\n\t\t\t\t\r\n\t\t\t<\/li>\r\n\r\n\t\t\t\t\r\n\t\t\t<li class=\"premium-bullet-list-content elementor-repeater-item-6960c3e premium-bullet-list-content-grow-effect\">\r\n\t\t\t\t<div class=\"premium-bullet-list-text\">\r\n\t\t\t\t\t\t\t\t<div class=\"premium-bullet-list-wrapper\">\r\n\t\t\t\t\t<div class=\"premium-drawable-icon\"><i class=\"premium-svg-nodraw fa fa-check\" aria-hidden=\"true\"><\/i><\/div>\t\t\t\t<\/div>\r\n\t\t\t\t\t\t\t\t<div class=\"premium-bullet-list-text-wrapper\">\r\n\t\t\t\t\t<span class=\"premium-bullet-text\" data-text=\"Expressive Language in Oral, Written, Graphic and Manual Modalities\"> El Lenguaje Expresivo en las Modalidades Orales, Escritas, Gr\u00e1ficas y Manuales <\/span>\t\t\t\t\t\t\t\t\t<\/div>\r\n\t\t\t\t<\/div>\r\n\r\n\t\t\t\t\r\n\t\t\t\t\r\n\t\t\t<\/li>\r\n\r\n\t\t\t\t\t\t<\/ul>\r\n\t\t\t\t\t\t<\/div>\n\t\t\t\t<\/div>\n\t\t\t\t\t<\/div>\n\t\t<\/div>\n\t\t\t\t<div class=\"elementor-column elementor-col-50 elementor-inner-column elementor-element elementor-element-ad96f48\" data-id=\"ad96f48\" data-element_type=\"column\">\n\t\t\t<div class=\"elementor-widget-wrap elementor-element-populated\">\n\t\t\t\t\t\t<div class=\"elementor-element elementor-element-18c655b premium-type-column elementor-widget elementor-widget-premium-icon-list\" data-id=\"18c655b\" data-element_type=\"widget\" data-settings=\"{&quot;rbadges_repeater&quot;:[]}\" data-widget_type=\"premium-icon-list.default\">\n\t\t\t\t<div class=\"elementor-widget-container\">\n\t\t\t\t\t\t\t\t<ul class=\"premium-bullet-list-box\">\r\n\t\t\r\n\t\t\t<li class=\"premium-bullet-list-content elementor-repeater-item-c799dec premium-bullet-list-content-grow-effect\">\r\n\t\t\t\t<div class=\"premium-bullet-list-text\">\r\n\t\t\t\t\t\t\t\t<div class=\"premium-bullet-list-wrapper\">\r\n\t\t\t\t\t<div class=\"premium-drawable-icon\"><i class=\"premium-svg-nodraw fa fa-check\" aria-hidden=\"true\"><\/i><\/div>\t\t\t\t<\/div>\r\n\t\t\t\t\t\t\t\t<div class=\"premium-bullet-list-text-wrapper\">\r\n\t\t\t\t\t<span class=\"premium-bullet-text\" data-text=\"Social Communication: Pragmatics (Understanding and Using Language in Social Situations)\"> Comunicaci\u00f3n Social: Pragm\u00e1tica (Comprensi\u00f3n y Uso del Lenguaje en Situaciones Sociales) <\/span>\t\t\t\t\t\t\t\t\t<\/div>\r\n\t\t\t\t<\/div>\r\n\r\n\t\t\t\t\r\n\t\t\t\t\r\n\t\t\t<\/li>\r\n\r\n\t\t\t\t\r\n\t\t\t<li class=\"premium-bullet-list-content elementor-repeater-item-7d3042e premium-bullet-list-content-grow-effect\">\r\n\t\t\t\t<div class=\"premium-bullet-list-text\">\r\n\t\t\t\t\t\t\t\t<div class=\"premium-bullet-list-wrapper\">\r\n\t\t\t\t\t<div class=\"premium-drawable-icon\"><i class=\"premium-svg-nodraw fa fa-check\" aria-hidden=\"true\"><\/i><\/div>\t\t\t\t<\/div>\r\n\t\t\t\t\t\t\t\t<div class=\"premium-bullet-list-text-wrapper\">\r\n\t\t\t\t\t<span class=\"premium-bullet-text\" data-text=\"Cognitive- Communication (Attention, Memory, Executive Functions)\"> Cognitivo - Comunicaci\u00f3n (Atenci\u00f3n, Memoria, Funciones Ejecutivas) <\/span>\t\t\t\t\t\t\t\t\t<\/div>\r\n\t\t\t\t<\/div>\r\n\r\n\t\t\t\t\r\n\t\t\t\t\r\n\t\t\t<\/li>\r\n\r\n\t\t\t\t\r\n\t\t\t<li class=\"premium-bullet-list-content elementor-repeater-item-12eb093 premium-bullet-list-content-grow-effect\">\r\n\t\t\t\t<div class=\"premium-bullet-list-text\">\r\n\t\t\t\t\t\t\t\t<div class=\"premium-bullet-list-wrapper\">\r\n\t\t\t\t\t<div class=\"premium-drawable-icon\"><i class=\"premium-svg-nodraw fa fa-check\" aria-hidden=\"true\"><\/i><\/div>\t\t\t\t<\/div>\r\n\t\t\t\t\t\t\t\t<div class=\"premium-bullet-list-text-wrapper\">\r\n\t\t\t\t\t<span class=\"premium-bullet-text\" data-text=\"Augmentative and Alternative Communication (ACC Support)\"> Comunicaci\u00f3n Aumentativa y Alternativa (Apoyo CAA) <\/span>\t\t\t\t\t\t\t\t\t<\/div>\r\n\t\t\t\t<\/div>\r\n\r\n\t\t\t\t\r\n\t\t\t\t\r\n\t\t\t<\/li>\r\n\r\n\t\t\t\t\r\n\t\t\t<li class=\"premium-bullet-list-content elementor-repeater-item-0fa4f79 premium-bullet-list-content-grow-effect\">\r\n\t\t\t\t<div class=\"premium-bullet-list-text\">\r\n\t\t\t\t\t\t\t\t<div class=\"premium-bullet-list-wrapper\">\r\n\t\t\t\t\t<div class=\"premium-drawable-icon\"><i class=\"premium-svg-nodraw fa fa-check\" aria-hidden=\"true\"><\/i><\/div>\t\t\t\t<\/div>\r\n\t\t\t\t\t\t\t\t<div class=\"premium-bullet-list-text-wrapper\">\r\n\t\t\t\t\t<span class=\"premium-bullet-text\" data-text=\"Swallowing and Other Aerodigestive Functions\"> La Ingesti\u00f3n y otras Funciones Aerodigestivas <\/span>\t\t\t\t\t\t\t\t\t<\/div>\r\n\t\t\t\t<\/div>\r\n\r\n\t\t\t\t\r\n\t\t\t\t\r\n\t\t\t<\/li>\r\n\r\n\t\t\t\t\r\n\t\t\t<li class=\"premium-bullet-list-content elementor-repeater-item-d860db0 premium-bullet-list-content-grow-effect\">\r\n\t\t\t\t<div class=\"premium-bullet-list-text\">\r\n\t\t\t\t\t\t\t\t<div class=\"premium-bullet-list-wrapper\">\r\n\t\t\t\t\t<div class=\"premium-drawable-icon\"><i class=\"premium-svg-nodraw fa fa-check\" aria-hidden=\"true\"><\/i><\/div>\t\t\t\t<\/div>\r\n\t\t\t\t\t\t\t\t<div class=\"premium-bullet-list-text-wrapper\">\r\n\t\t\t\t\t<span class=\"premium-bullet-text\" data-text=\"Sensory Awareness Related to Communication and Swallowing\"> Conciencia Sensorial Relacionada con la Comunicaci\u00f3n y la Ingesti\u00f3n <\/span>\t\t\t\t\t\t\t\t\t<\/div>\r\n\t\t\t\t<\/div>\r\n\r\n\t\t\t\t\r\n\t\t\t\t\r\n\t\t\t<\/li>\r\n\r\n\t\t\t\t\t\t<\/ul>\r\n\t\t\t\t\t\t<\/div>\n\t\t\t\t<\/div>\n\t\t\t\t\t<\/div>\n\t\t<\/div>\n\t\t\t\t\t<\/div>\n\t\t<\/section>\n\t\t\t\t\t<\/div>\n\t\t<\/div>\n\t\t\t\t\t<\/div>\n\t\t<\/section>\n\t\t\t\t<section class=\"elementor-section elementor-top-section elementor-element elementor-element-cd5b0ed elementor-section-boxed elementor-section-height-default elementor-section-height-default\" data-id=\"cd5b0ed\" data-element_type=\"section\">\n\t\t\t\t\t\t<div class=\"elementor-container elementor-column-gap-default\">\n\t\t\t\t\t<div class=\"elementor-column elementor-col-100 elementor-top-column elementor-element elementor-element-246103c\" data-id=\"246103c\" data-element_type=\"column\">\n\t\t\t<div class=\"elementor-widget-wrap elementor-element-populated\">\n\t\t\t\t\t\t<div class=\"elementor-element elementor-element-3acbc1a elementor-mobile-align-right elementor-widget elementor-widget-button\" data-id=\"3acbc1a\" data-element_type=\"widget\" data-widget_type=\"button.default\">\n\t\t\t\t<div class=\"elementor-widget-container\">\n\t\t\t\t\t\t\t\t\t<div class=\"elementor-button-wrapper\">\n\t\t\t\t\t<a class=\"elementor-button elementor-button-link elementor-size-md elementor-animation-grow\" href=\"https:\/\/trinityrehabtherapy.com\/es\/services\/\">\n\t\t\t\t\t\t<span class=\"elementor-button-content-wrapper\">\n\t\t\t\t\t\t\t\t\t<span class=\"elementor-button-text\">Atr\u00e1s<\/span>\n\t\t\t\t\t<\/span>\n\t\t\t\t\t<\/a>\n\t\t\t\t<\/div>\n\t\t\t\t\t\t\t\t<\/div>\n\t\t\t\t<\/div>\n\t\t\t\t\t<\/div>\n\t\t<\/div>\n\t\t\t\t\t<\/div>\n\t\t<\/section>\n\t\t\t\t<\/div>","protected":false},"excerpt":{"rendered":"<p>SPEECH THERAPY Hi, I&#8217;m Bijou, the Speech Therapy team mascot. Speech Therapists are a lot of fun to work with. If you have one of these problems, they can help you. Articulation and Phonology (Formation and Production of Sounds) Apraxia (Motor Speech Disorder) Fluency (Stuttering, Blocking and Repetitions) Voice: Monitoring Appropriate Voice Quality, Pitch and [&hellip;]<\/p>","protected":false},"author":1,"featured_media":0,"parent":0,"menu_order":0,"comment_status":"closed","ping_status":"closed","template":"","meta":{"footnotes":""},"class_list":["post-603","page","type-page","status-publish","hentry"],"_links":{"self":[{"href":"https:\/\/trinityrehabtherapy.com\/es\/wp-json\/wp\/v2\/pages\/603","targetHints":{"allow":["GET"]}}],"collection":[{"href":"https:\/\/trinityrehabtherapy.com\/es\/wp-json\/wp\/v2\/pages"}],"about":[{"href":"https:\/\/trinityrehabtherapy.com\/es\/wp-json\/wp\/v2\/types\/page"}],"author":[{"embeddable":true,"href":"https:\/\/trinityrehabtherapy.com\/es\/wp-json\/wp\/v2\/users\/1"}],"replies":[{"embeddable":true,"href":"https:\/\/trinityrehabtherapy.com\/es\/wp-json\/wp\/v2\/comments?post=603"}],"version-history":[{"count":0,"href":"https:\/\/trinityrehabtherapy.com\/es\/wp-json\/wp\/v2\/pages\/603\/revisions"}],"wp:attachment":[{"href":"https:\/\/trinityrehabtherapy.com\/es\/wp-json\/wp\/v2\/media?parent=603"}],"curies":[{"name":"wp","href":"https:\/\/api.w.org\/{rel}","templated":true}]}}